{"id":1930,"date":"2024-11-13T22:53:12","date_gmt":"2024-11-13T22:53:12","guid":{"rendered":"https:\/\/heyperu.pe\/?page_id=1930"},"modified":"2024-11-13T23:08:08","modified_gmt":"2024-11-13T23:08:08","slug":"proteccion-de-datos-personales","status":"publish","type":"page","link":"https:\/\/heyperu.pe\/en\/proteccion-de-datos-personales\/","title":{"rendered":"Personal Data Protection"},"content":{"rendered":"<div data-elementor-type=\"wp-page\" data-elementor-id=\"1930\" class=\"elementor elementor-1930\" data-elementor-post-type=\"page\">\n\t\t\t\t<div class=\"elementor-element elementor-element-2468d983 e-flex e-con-boxed wpr-particle-no wpr-jarallax-no wpr-parallax-no wpr-sticky-section-no wpr-equal-height-no e-con e-parent\" data-id=\"2468d983\" data-element_type=\"container\" data-e-type=\"container\">\n\t\t\t\t\t<div class=\"e-con-inner\">\n\t\t\t\t<div class=\"elementor-element elementor-element-00d29f4 elementor-widget elementor-widget-spacer\" data-id=\"00d29f4\" data-element_type=\"widget\" data-e-type=\"widget\" data-widget_type=\"spacer.default\">\n\t\t\t\t<div class=\"elementor-widget-container\">\n\t\t\t\t\t\t\t<div class=\"elementor-spacer\">\n\t\t\t<div class=\"elementor-spacer-inner\"><\/div>\n\t\t<\/div>\n\t\t\t\t\t\t<\/div>\n\t\t\t\t<\/div>\n\t\t\t\t<div class=\"elementor-element elementor-element-7a81ea22 elementor-widget elementor-widget-heading\" data-id=\"7a81ea22\" data-element_type=\"widget\" data-e-type=\"widget\" data-widget_type=\"heading.default\">\n\t\t\t\t<div class=\"elementor-widget-container\">\n\t\t\t\t\t<h2 class=\"elementor-heading-title elementor-size-default\">PERSONAL DATA PROTECTION<\/h2>\t\t\t\t<\/div>\n\t\t\t\t<\/div>\n\t\t\t\t<div class=\"elementor-element elementor-element-28c7ffa6 elementor-widget-divider--view-line elementor-widget elementor-widget-divider\" data-id=\"28c7ffa6\" data-element_type=\"widget\" data-e-type=\"widget\" data-widget_type=\"divider.default\">\n\t\t\t\t<div class=\"elementor-widget-container\">\n\t\t\t\t\t\t\t<div class=\"elementor-divider\">\n\t\t\t<span class=\"elementor-divider-separator\">\n\t\t\t\t\t\t<\/span>\n\t\t<\/div>\n\t\t\t\t\t\t<\/div>\n\t\t\t\t<\/div>\n\t\t\t\t\t<\/div>\n\t\t\t\t<\/div>\n\t\t<div class=\"elementor-element elementor-element-63d5ed86 e-flex e-con-boxed wpr-particle-no wpr-jarallax-no wpr-parallax-no wpr-sticky-section-no wpr-equal-height-no e-con e-parent\" data-id=\"63d5ed86\" data-element_type=\"container\" data-e-type=\"container\">\n\t\t\t\t\t<div class=\"e-con-inner\">\n\t\t\t\t<div class=\"elementor-element elementor-element-ed41fe3 elementor-widget elementor-widget-heading\" data-id=\"ed41fe3\" data-element_type=\"widget\" data-e-type=\"widget\" data-widget_type=\"heading.default\">\n\t\t\t\t<div class=\"elementor-widget-container\">\n\t\t\t\t\t<h2 class=\"elementor-heading-title elementor-size-default\">1. General Information<\/h2>\t\t\t\t<\/div>\n\t\t\t\t<\/div>\n\t\t\t\t<div class=\"elementor-element elementor-element-73b0f580 elementor-widget-divider--view-line elementor-widget elementor-widget-divider\" data-id=\"73b0f580\" data-element_type=\"widget\" data-e-type=\"widget\" data-widget_type=\"divider.default\">\n\t\t\t\t<div class=\"elementor-widget-container\">\n\t\t\t\t\t\t\t<div class=\"elementor-divider\">\n\t\t\t<span class=\"elementor-divider-separator\">\n\t\t\t\t\t\t<\/span>\n\t\t<\/div>\n\t\t\t\t\t\t<\/div>\n\t\t\t\t<\/div>\n\t\t\t\t<div class=\"elementor-element elementor-element-542f359a elementor-widget elementor-widget-text-editor\" data-id=\"542f359a\" data-element_type=\"widget\" data-e-type=\"widget\" data-widget_type=\"text-editor.default\">\n\t\t\t\t<div class=\"elementor-widget-container\">\n\t\t\t\t\t\t\t\t\t<p>At HEY PER\u00da S.A.C., with RUC 20607140651, located at CAL. NICARAGUA 162, URB. LOS PATRICIOS, JES\u00daS MAR\u00cdA, LIMA, we are committed to protecting the privacy of our users. In compliance with Law No. 29733, the Personal Data Protection Law, and its Regulation (D.S. 003-2013-JUS), we have established this Privacy Policy to inform you about how we collect, use, store, and protect your personal data.<\/p>\t\t\t\t\t\t\t\t<\/div>\n\t\t\t\t<\/div>\n\t\t\t\t<div class=\"elementor-element elementor-element-6372fbc8 elementor-widget elementor-widget-heading\" data-id=\"6372fbc8\" data-element_type=\"widget\" data-e-type=\"widget\" data-widget_type=\"heading.default\">\n\t\t\t\t<div class=\"elementor-widget-container\">\n\t\t\t\t\t<h2 class=\"elementor-heading-title elementor-size-default\">2. Purpose of Data Collection<\/h2>\t\t\t\t<\/div>\n\t\t\t\t<\/div>\n\t\t\t\t<div class=\"elementor-element elementor-element-3e478b1b elementor-widget-divider--view-line elementor-widget elementor-widget-divider\" data-id=\"3e478b1b\" data-element_type=\"widget\" data-e-type=\"widget\" data-widget_type=\"divider.default\">\n\t\t\t\t<div class=\"elementor-widget-container\">\n\t\t\t\t\t\t\t<div class=\"elementor-divider\">\n\t\t\t<span class=\"elementor-divider-separator\">\n\t\t\t\t\t\t<\/span>\n\t\t<\/div>\n\t\t\t\t\t\t<\/div>\n\t\t\t\t<\/div>\n\t\t\t\t<div class=\"elementor-element elementor-element-161397ad elementor-widget elementor-widget-text-editor\" data-id=\"161397ad\" data-element_type=\"widget\" data-e-type=\"widget\" data-widget_type=\"text-editor.default\">\n\t\t\t\t<div class=\"elementor-widget-container\">\n\t\t\t\t\t\t\t\t\t<p>HEY PER\u00da S.A.C. collects and processes personal data from its users for the following purposes:<\/p><ul><li>To provide the requested travel services, including ticket reservations, accommodation, and tours.<\/li><li>To facilitate communication and provide personalized service to our clients.<\/li><li>To conduct satisfaction surveys in order to improve our services.<\/li><li>To send promotions, offers, and relevant news about our services, with the user's prior consent.<\/li><li>To comply with legal and\/or regulatory obligations.<\/li><\/ul>\t\t\t\t\t\t\t\t<\/div>\n\t\t\t\t<\/div>\n\t\t\t\t<div class=\"elementor-element elementor-element-5088cec4 elementor-widget elementor-widget-heading\" data-id=\"5088cec4\" data-element_type=\"widget\" data-e-type=\"widget\" data-widget_type=\"heading.default\">\n\t\t\t\t<div class=\"elementor-widget-container\">\n\t\t\t\t\t<h2 class=\"elementor-heading-title elementor-size-default\">3. Type of Information Collected<\/h2>\t\t\t\t<\/div>\n\t\t\t\t<\/div>\n\t\t\t\t<div class=\"elementor-element elementor-element-82a4226 elementor-widget-divider--view-line elementor-widget elementor-widget-divider\" data-id=\"82a4226\" data-element_type=\"widget\" data-e-type=\"widget\" data-widget_type=\"divider.default\">\n\t\t\t\t<div class=\"elementor-widget-container\">\n\t\t\t\t\t\t\t<div class=\"elementor-divider\">\n\t\t\t<span class=\"elementor-divider-separator\">\n\t\t\t\t\t\t<\/span>\n\t\t<\/div>\n\t\t\t\t\t\t<\/div>\n\t\t\t\t<\/div>\n\t\t\t\t<div class=\"elementor-element elementor-element-48436fd0 elementor-widget elementor-widget-text-editor\" data-id=\"48436fd0\" data-element_type=\"widget\" data-e-type=\"widget\" data-widget_type=\"text-editor.default\">\n\t\t\t\t<div class=\"elementor-widget-container\">\n\t\t\t\t\t\t\t\t\t<p>We may collect the following information from our users:<\/p><ul><li>Personal identification data: full name, identity document and date of birth.<\/li><li>Contact information: email address, phone number, address.<\/li><li>Financial and banking data: information necessary to process transactions, such as credit or debit card numbers (these data are handled securely and under strict protection measures).<\/li><li>Preferences and details of trips requested by the user.<\/li><\/ul>\t\t\t\t\t\t\t\t<\/div>\n\t\t\t\t<\/div>\n\t\t\t\t<div class=\"elementor-element elementor-element-16cfee68 elementor-widget elementor-widget-heading\" data-id=\"16cfee68\" data-element_type=\"widget\" data-e-type=\"widget\" data-widget_type=\"heading.default\">\n\t\t\t\t<div class=\"elementor-widget-container\">\n\t\t\t\t\t<h2 class=\"elementor-heading-title elementor-size-default\">4. User Consent<\/h2>\t\t\t\t<\/div>\n\t\t\t\t<\/div>\n\t\t\t\t<div class=\"elementor-element elementor-element-146f2808 elementor-widget-divider--view-line elementor-widget elementor-widget-divider\" data-id=\"146f2808\" data-element_type=\"widget\" data-e-type=\"widget\" data-widget_type=\"divider.default\">\n\t\t\t\t<div class=\"elementor-widget-container\">\n\t\t\t\t\t\t\t<div class=\"elementor-divider\">\n\t\t\t<span class=\"elementor-divider-separator\">\n\t\t\t\t\t\t<\/span>\n\t\t<\/div>\n\t\t\t\t\t\t<\/div>\n\t\t\t\t<\/div>\n\t\t\t\t<div class=\"elementor-element elementor-element-3713ce6b elementor-widget elementor-widget-text-editor\" data-id=\"3713ce6b\" data-element_type=\"widget\" data-e-type=\"widget\" data-widget_type=\"text-editor.default\">\n\t\t\t\t<div class=\"elementor-widget-container\">\n\t\t\t\t\t\t\t\t\t<p>By providing their personal data, the user agrees to and consents to the processing of their data by HEY PER\u00da S.A.C. in accordance with the purposes specified in this policy. The user has the right to withdraw their consent at any time by submitting a request through our contact channels.<\/p>\t\t\t\t\t\t\t\t<\/div>\n\t\t\t\t<\/div>\n\t\t\t\t<div class=\"elementor-element elementor-element-20b12e81 elementor-widget elementor-widget-heading\" data-id=\"20b12e81\" data-element_type=\"widget\" data-e-type=\"widget\" data-widget_type=\"heading.default\">\n\t\t\t\t<div class=\"elementor-widget-container\">\n\t\t\t\t\t<h2 class=\"elementor-heading-title elementor-size-default\">5. Data Protection and Security<\/h2>\t\t\t\t<\/div>\n\t\t\t\t<\/div>\n\t\t\t\t<div class=\"elementor-element elementor-element-7d1c8459 elementor-widget-divider--view-line elementor-widget elementor-widget-divider\" data-id=\"7d1c8459\" data-element_type=\"widget\" data-e-type=\"widget\" data-widget_type=\"divider.default\">\n\t\t\t\t<div class=\"elementor-widget-container\">\n\t\t\t\t\t\t\t<div class=\"elementor-divider\">\n\t\t\t<span class=\"elementor-divider-separator\">\n\t\t\t\t\t\t<\/span>\n\t\t<\/div>\n\t\t\t\t\t\t<\/div>\n\t\t\t\t<\/div>\n\t\t\t\t<div class=\"elementor-element elementor-element-3c7e521c elementor-widget elementor-widget-text-editor\" data-id=\"3c7e521c\" data-element_type=\"widget\" data-e-type=\"widget\" data-widget_type=\"text-editor.default\">\n\t\t\t\t<div class=\"elementor-widget-container\">\n\t\t\t\t\t\t\t\t\t<p>HEY PER\u00da S.A.C. adopts the appropriate technical, administrative, and physical security measures to protect users' personal data from unauthorized access, loss, alteration, or destruction.<\/p><p>Access to personal data is restricted to authorized personnel who need this information to fulfill the specified purposes.<\/p>\t\t\t\t\t\t\t\t<\/div>\n\t\t\t\t<\/div>\n\t\t\t\t<div class=\"elementor-element elementor-element-1e9290cc elementor-widget elementor-widget-heading\" data-id=\"1e9290cc\" data-element_type=\"widget\" data-e-type=\"widget\" data-widget_type=\"heading.default\">\n\t\t\t\t<div class=\"elementor-widget-container\">\n\t\t\t\t\t<h2 class=\"elementor-heading-title elementor-size-default\">6. Transfer to and Access by Third Parties\n\n<\/h2>\t\t\t\t<\/div>\n\t\t\t\t<\/div>\n\t\t\t\t<div class=\"elementor-element elementor-element-5d8ac1fc elementor-widget-divider--view-line elementor-widget elementor-widget-divider\" data-id=\"5d8ac1fc\" data-element_type=\"widget\" data-e-type=\"widget\" data-widget_type=\"divider.default\">\n\t\t\t\t<div class=\"elementor-widget-container\">\n\t\t\t\t\t\t\t<div class=\"elementor-divider\">\n\t\t\t<span class=\"elementor-divider-separator\">\n\t\t\t\t\t\t<\/span>\n\t\t<\/div>\n\t\t\t\t\t\t<\/div>\n\t\t\t\t<\/div>\n\t\t\t\t<div class=\"elementor-element elementor-element-63c5fb52 elementor-widget elementor-widget-text-editor\" data-id=\"63c5fb52\" data-element_type=\"widget\" data-e-type=\"widget\" data-widget_type=\"text-editor.default\">\n\t\t\t\t<div class=\"elementor-widget-container\">\n\t\t\t\t\t\t\t\t\t<p>HEY PER\u00da S.A.C. will not share or transfer users' personal data to third parties, except in the following cases:<\/p><ul><li>When necessary for the provision of the requested services, such as associated travel agencies, airlines, hotels, and other service providers.<\/li><li>In compliance with legal obligations or at the request of judicial or administrative authorities.<\/li><\/ul>\t\t\t\t\t\t\t\t<\/div>\n\t\t\t\t<\/div>\n\t\t\t\t<div class=\"elementor-element elementor-element-282536ff elementor-widget elementor-widget-heading\" data-id=\"282536ff\" data-element_type=\"widget\" data-e-type=\"widget\" data-widget_type=\"heading.default\">\n\t\t\t\t<div class=\"elementor-widget-container\">\n\t\t\t\t\t<h2 class=\"elementor-heading-title elementor-size-default\">7. Rights of Personal Data Holders<\/h2>\t\t\t\t<\/div>\n\t\t\t\t<\/div>\n\t\t\t\t<div class=\"elementor-element elementor-element-ec9e93c elementor-widget-divider--view-line elementor-widget elementor-widget-divider\" data-id=\"ec9e93c\" data-element_type=\"widget\" data-e-type=\"widget\" data-widget_type=\"divider.default\">\n\t\t\t\t<div class=\"elementor-widget-container\">\n\t\t\t\t\t\t\t<div class=\"elementor-divider\">\n\t\t\t<span class=\"elementor-divider-separator\">\n\t\t\t\t\t\t<\/span>\n\t\t<\/div>\n\t\t\t\t\t\t<\/div>\n\t\t\t\t<\/div>\n\t\t\t\t<div class=\"elementor-element elementor-element-1d1e06b1 elementor-widget elementor-widget-text-editor\" data-id=\"1d1e06b1\" data-element_type=\"widget\" data-e-type=\"widget\" data-widget_type=\"text-editor.default\">\n\t\t\t\t<div class=\"elementor-widget-container\">\n\t\t\t\t\t\t\t\t\t<p>Under the Personal Data Protection Law, the user has the right to:<\/p><ul><li>Access their personal data that is being processed.<\/li><li>Request the correction of their personal data if it is inaccurate or incomplete.<\/li><li>Request the cancellation or deletion of their data when it is no longer necessary for the purposes for which it was collected.<\/li><li>Object to the processing of their personal data in situations determined by law.<\/li><\/ul><p>To exercise these rights, the user can contact us through the contact channels provided below.<\/p>\t\t\t\t\t\t\t\t<\/div>\n\t\t\t\t<\/div>\n\t\t\t\t<div class=\"elementor-element elementor-element-277c1265 elementor-widget elementor-widget-heading\" data-id=\"277c1265\" data-element_type=\"widget\" data-e-type=\"widget\" data-widget_type=\"heading.default\">\n\t\t\t\t<div class=\"elementor-widget-container\">\n\t\t\t\t\t<h2 class=\"elementor-heading-title elementor-size-default\">8. Contact\n\n\n<\/h2>\t\t\t\t<\/div>\n\t\t\t\t<\/div>\n\t\t\t\t<div class=\"elementor-element elementor-element-237f656e elementor-widget-divider--view-line elementor-widget elementor-widget-divider\" data-id=\"237f656e\" data-element_type=\"widget\" data-e-type=\"widget\" data-widget_type=\"divider.default\">\n\t\t\t\t<div class=\"elementor-widget-container\">\n\t\t\t\t\t\t\t<div class=\"elementor-divider\">\n\t\t\t<span class=\"elementor-divider-separator\">\n\t\t\t\t\t\t<\/span>\n\t\t<\/div>\n\t\t\t\t\t\t<\/div>\n\t\t\t\t<\/div>\n\t\t\t\t<div class=\"elementor-element elementor-element-2fc41913 elementor-widget elementor-widget-text-editor\" data-id=\"2fc41913\" data-element_type=\"widget\" data-e-type=\"widget\" data-widget_type=\"text-editor.default\">\n\t\t\t\t<div class=\"elementor-widget-container\">\n\t\t\t\t\t\t\t\t\t<p>For inquiries, requests, or complaints related to this Privacy Policy and the processing of personal data, users can contact HEY PER\u00da S.A.C. through the email <a href=\"mailto:reservas@heyperu.pe\">reservas@heyperu.pe<\/a> or phone (+51) 997 144 254<\/p>\t\t\t\t\t\t\t\t<\/div>\n\t\t\t\t<\/div>\n\t\t\t\t<div class=\"elementor-element elementor-element-4c1373a5 elementor-widget elementor-widget-heading\" data-id=\"4c1373a5\" data-element_type=\"widget\" data-e-type=\"widget\" data-widget_type=\"heading.default\">\n\t\t\t\t<div class=\"elementor-widget-container\">\n\t\t\t\t\t<h2 class=\"elementor-heading-title elementor-size-default\">9. Changes to the Privacy Policy\u200b<\/h2>\t\t\t\t<\/div>\n\t\t\t\t<\/div>\n\t\t\t\t<div class=\"elementor-element elementor-element-365a9c50 elementor-widget-divider--view-line elementor-widget elementor-widget-divider\" data-id=\"365a9c50\" data-element_type=\"widget\" data-e-type=\"widget\" data-widget_type=\"divider.default\">\n\t\t\t\t<div class=\"elementor-widget-container\">\n\t\t\t\t\t\t\t<div class=\"elementor-divider\">\n\t\t\t<span class=\"elementor-divider-separator\">\n\t\t\t\t\t\t<\/span>\n\t\t<\/div>\n\t\t\t\t\t\t<\/div>\n\t\t\t\t<\/div>\n\t\t\t\t<div class=\"elementor-element elementor-element-27e0d09d elementor-widget elementor-widget-text-editor\" data-id=\"27e0d09d\" data-element_type=\"widget\" data-e-type=\"widget\" data-widget_type=\"text-editor.default\">\n\t\t\t\t<div class=\"elementor-widget-container\">\n\t\t\t\t\t\t\t\t\t<p>HEY PER\u00da S.A.C. reserves the right to modify this Privacy Policy at any time. Any changes will be posted on our website, and users will be informed of any significant updates through our official channels.<\/p>\t\t\t\t\t\t\t\t<\/div>\n\t\t\t\t<\/div>\n\t\t\t\t<div class=\"elementor-element elementor-element-281bb718 elementor-widget elementor-widget-text-editor\" data-id=\"281bb718\" data-element_type=\"widget\" data-e-type=\"widget\" data-widget_type=\"text-editor.default\">\n\t\t\t\t<div class=\"elementor-widget-container\">\n\t\t\t\t\t\t\t\t\t<p class=\"font_8 wixui-rich-text__text\"><span class=\"wixui-rich-text__text\"><strong>NOTE:<\/strong> This text complies with Peruvian regulations regarding the protection of personal data.<\/span><\/p>\t\t\t\t\t\t\t\t<\/div>\n\t\t\t\t<\/div>\n\t\t\t\t\t<\/div>\n\t\t\t\t<\/div>\n\t\t\t\t<\/div>","protected":false},"excerpt":{"rendered":"<p>PROTECCI\u00d3N DE DATOS PERSONALES 1. Informaci\u00f3n General En HEY PER\u00da S.A.C., con RUC 20607140651, ubicado en CAL. NICARAGUA 162, URB. LOS PATRICIOS, JES\u00daS MAR\u00cdA, LIMA, estamos comprometidos con la protecci\u00f3n de la privacidad de nuestros usuarios. En cumplimiento de la Ley N\u00b0 29733, Ley de Protecci\u00f3n de Datos Personales y su Reglamento (D.S. 003-2013-JUS), hemos establecido esta Pol\u00edtica de Privacidad para informarte sobre la forma en que recopilamos, usamos, almacenamos y protegemos tus datos personales. 2. Finalidad de Recolecci\u00f3n de Datos HEY PER\u00da S.A.C. recopila y procesa datos personales de sus usuarios para los siguientes fines: Proveer los servicios de viajes solicitados, incluyendo reservas de boletos, hospedaje, y tours. Facilitar la comunicaci\u00f3n y la atenci\u00f3n personalizada con nuestros clientes. Realizar encuestas de satisfacci\u00f3n para mejorar nuestros servicios. Enviar promociones, ofertas y noticias relevantes sobre nuestros servicios, previa autorizaci\u00f3n del usuario. Cumplir con obligaciones legales y\/o regulatorias. 3. Tipo de Informaci\u00f3n Recopilada\u200b Podemos recopilar la siguiente informaci\u00f3n de nuestros usuarios: Datos de identificaci\u00f3n personal: nombre completo, documento de identidad, fecha de nacimiento. Informaci\u00f3n de contacto: correo electr\u00f3nico, n\u00famero de tel\u00e9fono, direcci\u00f3n. Datos financieros y bancarios: informaci\u00f3n necesaria para realizar transacciones, como n\u00fameros de tarjeta de cr\u00e9dito o d\u00e9bito (estos datos son manejados de forma segura y bajo estrictas medidas de protecci\u00f3n). Preferencias y detalles de viajes solicitados por el usuario. 4. Consentimiento del Usuario\u200b Al proporcionar sus datos personales, el usuario acepta y consiente el tratamiento de sus datos por parte de HEY PER\u00da S.A.C. conforme a los fines especificados en esta pol\u00edtica. El usuario tiene derecho a revocar su consentimiento en cualquier momento mediante una solicitud a nuestros canales de contacto. 5. Protecci\u00f3n y Seguridad de los Datos HEY PER\u00da S.A.C. adopta las medidas de seguridad t\u00e9cnicas, administrativas y f\u00edsicas adecuadas para proteger los datos personales de los usuarios frente a accesos no autorizados, p\u00e9rdida, alteraci\u00f3n o destrucci\u00f3n. El acceso a los datos personales est\u00e1 restringido solo al personal autorizado que necesita esta informaci\u00f3n para cumplir con los fines especificados. 6. Transferencia y Acceso a Terceros HEY PER\u00da S.A.C. no compartir\u00e1 ni transferir\u00e1 los datos personales de los usuarios a terceros, salvo en los siguientes casos: Cuando sea necesario para la prestaci\u00f3n de los servicios solicitados, como agencias de viajes asociadas, aerol\u00edneas, hoteles y otros proveedores. En cumplimiento de obligaciones legales o a requerimiento de autoridades judiciales o administrativas. 7. Derechos de los Titulares de Datos Personales En virtud de la Ley de Protecci\u00f3n de Datos Personales, el usuario tiene derecho a: Acceder a sus datos personales que est\u00e1n siendo tratados. Solicitar la rectificaci\u00f3n de sus datos personales en caso de ser inexactos o incompletos. Solicitar la cancelaci\u00f3n o eliminaci\u00f3n de sus datos cuando ya no sean necesarios para los fines para los cuales fueron recopilados. Oponerse al tratamiento de sus datos personales en situaciones determinadas por la ley. Para ejercer estos derechos, el usuario puede comunicarse con nosotros a trav\u00e9s de los canales de contacto proporcionados a continuaci\u00f3n. 8. Contacto Para consultas, solicitudes o reclamos relacionados con la presente Pol\u00edtica de Privacidad y el tratamiento de datos personales, los usuarios pueden contactarse con HEY PER\u00da S.A.C. a trav\u00e9s del correo electr\u00f3nico reservas@heyperu.pe o al tel\u00e9fono (+51) 997 144 254 9. Cambios en la Pol\u00edtica de Privacidad\u200b HEY PER\u00da S.A.C. se reserva el derecho de modificar esta Pol\u00edtica de Privacidad en cualquier momento. Las modificaciones ser\u00e1n publicadas en nuestro sitio web, y los usuarios ser\u00e1n informados de cualquier cambio significativo mediante nuestros canales oficiales. NOTA: Este texto cumple con la normativa peruana en cuanto a la protecci\u00f3n de datos personales.<\/p>","protected":false},"author":1,"featured_media":0,"parent":0,"menu_order":0,"comment_status":"closed","ping_status":"closed","template":"","meta":{"_uag_custom_page_level_css":"","site-sidebar-layout":"no-sidebar","site-content-layout":"page-builder","ast-site-content-layout":"full-width-container","site-content-style":"default","site-sidebar-style":"default","ast-global-header-display":"","ast-banner-title-visibility":"","ast-main-header-display":"","ast-hfb-above-header-display":"","ast-hfb-below-header-display":"","ast-hfb-mobile-header-display":"","site-post-title":"disabled","ast-breadcrumbs-content":"","ast-featured-img":"disabled","footer-sml-layout":"","ast-disable-related-posts":"","theme-transparent-header-meta":"","adv-header-id-meta":"","stick-header-meta":"","header-above-stick-meta":"","header-main-stick-meta":"","header-below-stick-meta":"","astra-migrate-meta-layouts":"set","ast-page-background-enabled":"default","ast-page-background-meta":{"desktop":{"background-color":"","background-image":"","background-repeat":"repeat","background-position":"center center","background-size":"auto","background-attachment":"scroll","background-type":"","background-media":"","overlay-type":"","overlay-color":"","overlay-opacity":"","overlay-gradient":""},"tablet":{"background-color":"","background-image":"","background-repeat":"repeat","background-position":"center center","background-size":"auto","background-attachment":"scroll","background-type":"","background-media":"","overlay-type":"","overlay-color":"","overlay-opacity":"","overlay-gradient":""},"mobile":{"background-color":"","background-image":"","background-repeat":"repeat","background-position":"center center","background-size":"auto","background-attachment":"scroll","background-type":"","background-media":"","overlay-type":"","overlay-color":"","overlay-opacity":"","overlay-gradient":""}},"ast-content-background-meta":{"desktop":{"background-color":"var(--ast-global-color-5)","background-image":"","background-repeat":"repeat","background-position":"center center","background-size":"auto","background-attachment":"scroll","background-type":"","background-media":"","overlay-type":"","overlay-color":"","overlay-opacity":"","overlay-gradient":""},"tablet":{"background-color":"var(--ast-global-color-5)","background-image":"","background-repeat":"repeat","background-position":"center center","background-size":"auto","background-attachment":"scroll","background-type":"","background-media":"","overlay-type":"","overlay-color":"","overlay-opacity":"","overlay-gradient":""},"mobile":{"background-color":"var(--ast-global-color-5)","background-image":"","background-repeat":"repeat","background-position":"center center","background-size":"auto","background-attachment":"scroll","background-type":"","background-media":"","overlay-type":"","overlay-color":"","overlay-opacity":"","overlay-gradient":""}},"footnotes":""},"class_list":["post-1930","page","type-page","status-publish","hentry"],"uagb_featured_image_src":{"full":false,"thumbnail":false,"medium":false,"medium_large":false,"large":false,"1536x1536":false,"2048x2048":false,"trp-custom-language-flag":false},"uagb_author_info":{"display_name":"heyperu","author_link":"https:\/\/heyperu.pe\/en\/author\/heyperu\/"},"uagb_comment_info":0,"uagb_excerpt":"PROTECCI\u00d3N DE DATOS PERSONALES 1. Informaci\u00f3n General En HEY PER\u00da S.A.C., con RUC 20607140651, ubicado en CAL. NICARAGUA 162, URB. LOS PATRICIOS, JES\u00daS MAR\u00cdA, LIMA, estamos comprometidos con la protecci\u00f3n de la privacidad de nuestros usuarios. En cumplimiento de la Ley N\u00b0 29733, Ley de Protecci\u00f3n de Datos Personales y su Reglamento (D.S. 003-2013-JUS), hemos&hellip;","_links":{"self":[{"href":"https:\/\/heyperu.pe\/en\/wp-json\/wp\/v2\/pages\/1930","targetHints":{"allow":["GET"]}}],"collection":[{"href":"https:\/\/heyperu.pe\/en\/wp-json\/wp\/v2\/pages"}],"about":[{"href":"https:\/\/heyperu.pe\/en\/wp-json\/wp\/v2\/types\/page"}],"author":[{"embeddable":true,"href":"https:\/\/heyperu.pe\/en\/wp-json\/wp\/v2\/users\/1"}],"replies":[{"embeddable":true,"href":"https:\/\/heyperu.pe\/en\/wp-json\/wp\/v2\/comments?post=1930"}],"version-history":[{"count":7,"href":"https:\/\/heyperu.pe\/en\/wp-json\/wp\/v2\/pages\/1930\/revisions"}],"predecessor-version":[{"id":1942,"href":"https:\/\/heyperu.pe\/en\/wp-json\/wp\/v2\/pages\/1930\/revisions\/1942"}],"wp:attachment":[{"href":"https:\/\/heyperu.pe\/en\/wp-json\/wp\/v2\/media?parent=1930"}],"curies":[{"name":"wp","href":"https:\/\/api.w.org\/{rel}","templated":true}]}}